{"id":8,"date":"2025-03-15T23:34:04","date_gmt":"2025-03-15T22:34:04","guid":{"rendered":"https:\/\/photomag.focusweb.cz\/index.php\/galerie-klientu\/kosik\/"},"modified":"2025-03-15T23:34:04","modified_gmt":"2025-03-15T22:34:04","slug":"kosik","status":"publish","type":"page","link":"https:\/\/photomag.focusweb.cz\/index.php\/galerie-klientu\/kosik\/","title":{"rendered":"Ko\u0161\u00edk"},"content":{"rendered":"<div id=\"sunshine--cart--empty\">V ko\u0161\u00edku je\u0161t\u011b nic nem\u00e1te!<\/div>\n\n","protected":false},"excerpt":{"rendered":"","protected":false},"author":1,"featured_media":0,"parent":6,"menu_order":0,"comment_status":"closed","ping_status":"closed","template":"","meta":{"footnotes":""},"class_list":["post-8","page","type-page","status-publish","hentry"],"_links":{"self":[{"href":"https:\/\/photomag.focusweb.cz\/index.php\/wp-json\/wp\/v2\/pages\/8","targetHints":{"allow":["GET"]}}],"collection":[{"href":"https:\/\/photomag.focusweb.cz\/index.php\/wp-json\/wp\/v2\/pages"}],"about":[{"href":"https:\/\/photomag.focusweb.cz\/index.php\/wp-json\/wp\/v2\/types\/page"}],"author":[{"embeddable":true,"href":"https:\/\/photomag.focusweb.cz\/index.php\/wp-json\/wp\/v2\/users\/1"}],"replies":[{"embeddable":true,"href":"https:\/\/photomag.focusweb.cz\/index.php\/wp-json\/wp\/v2\/comments?post=8"}],"version-history":[{"count":0,"href":"https:\/\/photomag.focusweb.cz\/index.php\/wp-json\/wp\/v2\/pages\/8\/revisions"}],"up":[{"embeddable":true,"href":"https:\/\/photomag.focusweb.cz\/index.php\/wp-json\/wp\/v2\/pages\/6"}],"wp:attachment":[{"href":"https:\/\/photomag.focusweb.cz\/index.php\/wp-json\/wp\/v2\/media?parent=8"}],"curies":[{"name":"wp","href":"https:\/\/api.w.org\/{rel}","templated":true}]}}