{"id":7,"date":"2025-03-15T23:34:04","date_gmt":"2025-03-15T22:34:04","guid":{"rendered":"https:\/\/photomag.focusweb.cz\/index.php\/galerie-klientu\/ucet\/"},"modified":"2025-03-15T23:34:04","modified_gmt":"2025-03-15T22:34:04","slug":"ucet","status":"publish","type":"page","link":"https:\/\/photomag.focusweb.cz\/index.php\/galerie-klientu\/ucet\/","title":{"rendered":"\u00da\u010det"},"content":{"rendered":"<div id=\"sunshine--account--login-signup\">\n\n\t\n\t<div id=\"sunshine--account--login\">\n\t\t<div id=\"sunshine--account--login-form\">\n\n\t\n\t<div class=\"sunshine--account--login--title sunshine--modal--title\">P\u0159ihl\u00e1\u0161en\u00ed<\/div>\n\n\t<form method=\"post\" action=\"\" class=\"sunshine--form--fields\">\n\t\t<input type=\"hidden\" id=\"sunshine_login\" name=\"sunshine_login\" value=\"0c167c0b45\" \/><input type=\"hidden\" name=\"_wp_http_referer\" value=\"\/index.php\/wp-json\/wp\/v2\/pages\/7\" \/>\t\t<div class=\"sunshine--form--field\">\n\t\t\t<label for=\"sunshine-login-email\">Emailov\u00e1 adresa<\/label>\n\t\t\t<input type=\"email\" name=\"sunshine_login_email\" id=\"sunshine-login-email\" required=\"required\" \/>\n\t\t<\/div>\n\t\t<div class=\"sunshine--form--field\">\n\t\t\t<label for=\"sunshine-login-password\">Heslo<\/label>\n\t\t\t<input type=\"password\" name=\"sunshine_login_password\" id=\"sunshine-login-password\" required=\"required\" \/>\n\t\t<\/div>\n\t\t<div class=\"sunshine--form--field sunshine--form--field-submit\">\n\t\t\t<button type=\"submit\" class=\"button sunshine--button\">P\u0159ihl\u00e1\u0161en\u00ed<\/button>\n\t\t\t<div class=\"sunshine--form--field--desc sunshine--account--reset-password-toggle\"><a href=\"#password\" onclick=\"jQuery( '#sunshine--account--login-form, #sunshine--account--reset-password-form' ).toggle(); return false;\">Zapomenut\u00e9 heslo?<\/a><\/div>\n\t\t<\/div>\n\t\t\t<\/form>\n\n<\/div>\n\n<div id=\"sunshine--account--reset-password-form\" style=\"display: none;\">\n\t<div class=\"sunshine--account--login--title sunshine--modal--title\">Obnovit heslo<\/div>\n\t<form method=\"post\" action=\"\" class=\"sunshine--form--fields\">\n\t\t<input type=\"hidden\" id=\"sunshine_reset_password_nonce\" name=\"sunshine_reset_password_nonce\" value=\"3188c42ecb\" \/><input type=\"hidden\" name=\"_wp_http_referer\" value=\"\/index.php\/wp-json\/wp\/v2\/pages\/7\" \/>\t\t<div class=\"sunshine--form--field\">\n\t\t\t<label for=\"sunshine-reset-password-email\">Emailov\u00e1 adresa<\/label>\n\t\t\t<input type=\"email\" name=\"sunshine_reset_password_email\" id=\"sunshine-reset-password-email\" required=\"required\" autocomplete=\"email\" \/>\n\t\t\t<div class=\"sunshine--form--field--desc\">Na tuto adresu v\u00e1m bude zasl\u00e1n e-mail s pokyny k obnoven\u00ed hesla<\/div>\n\t\t<\/div>\n\t\t<div class=\"sunshine--form--field sunshine--form--field-submit\">\n\t\t\t<button type=\"submit\" class=\"button sunshine--button\">Z\u00edskat nov\u00e9 heslo<\/button>\n\t\t\t<div class=\"sunshine--form--field--desc sunshine--account--reset-password-toggle\"><a href=\"#password\" onclick=\"jQuery( '#sunshine--account--login-form, #sunshine--account--reset-password-form' ).toggle(); return false;\">Zp\u011bt k p\u0159ihl\u00e1\u0161en\u00ed<\/a><\/div>\n\t\t<\/div>\n\t<\/form>\n<\/div>\n\t<\/div>\n\n\t\t<div id=\"sunshine--account--signup\">\n\t\t<div class=\"sunshine--account--login--title sunshine--modal--title\">Registrace<\/div>\n<form method=\"post\" action=\"\" id=\"sunshine--account--signup-form\" class=\"sunshine--form--fields\">\n\t<input type=\"hidden\" id=\"sunshine_signup\" name=\"sunshine_signup\" value=\"a052f559e3\" \/><input type=\"hidden\" name=\"_wp_http_referer\" value=\"\/index.php\/wp-json\/wp\/v2\/pages\/7\" \/>\t<div class=\"sunshine--form--field\">\n\t\t<label for=\"sunshine-signup-email\">Emailov\u00e1 adresa<\/label>\n\t\t<input type=\"email\" name=\"sunshine_signup_email\" id=\"sunshine-signup-email\" required=\"required\" autocomplete=\"email\" \/>\n\t<\/div>\n\t<div class=\"sunshine--form--field\">\n\t\t<label for=\"sunshine-signup-password\">Heslo <\/label>\n\t\t<input type=\"password\" name=\"sunshine_signup_password\" id=\"sunshine-signup-password\" autocomplete=\"new-password\" required=\"required\" \/>\n\t<\/div>\n\t<div class=\"sunshine--form--field sunshine--form--field-half\">\n\t\t<label for=\"sunshine-signup-first-name\">Jm\u00e9no <\/label>\n\t\t<input type=\"text\" name=\"sunshine_signup_first_name\" id=\"sunshine-signup-first-name\" autocomplete=\"given-name\" \/>\n\t<\/div>\n\t<div class=\"sunshine--form--field sunshine--form--field-half\">\n\t\t<label for=\"sunshine-signup-last-name\">P\u0159\u00edjmen\u00ed <\/label>\n\t\t<input type=\"text\" name=\"sunshine_signup_last_name\" id=\"sunshine-signup-last-name\" autocomplete=\"family-name\" required=\"required\" \/>\n\t<\/div>\n\t\t<div class=\"sunshine--form--field sunshine--form--field-submit\">\n\t\t<button type=\"submit\" class=\"sunshine--button\">Vytvo\u0159it \u00fa\u010det<\/button>\n\t<\/div>\n\t<\/form>\n\t<\/div>\n\t\n<\/div>\n\n","protected":false},"excerpt":{"rendered":"","protected":false},"author":1,"featured_media":0,"parent":6,"menu_order":0,"comment_status":"closed","ping_status":"closed","template":"","meta":{"footnotes":""},"class_list":["post-7","page","type-page","status-publish","hentry"],"_links":{"self":[{"href":"https:\/\/photomag.focusweb.cz\/index.php\/wp-json\/wp\/v2\/pages\/7","targetHints":{"allow":["GET"]}}],"collection":[{"href":"https:\/\/photomag.focusweb.cz\/index.php\/wp-json\/wp\/v2\/pages"}],"about":[{"href":"https:\/\/photomag.focusweb.cz\/index.php\/wp-json\/wp\/v2\/types\/page"}],"author":[{"embeddable":true,"href":"https:\/\/photomag.focusweb.cz\/index.php\/wp-json\/wp\/v2\/users\/1"}],"replies":[{"embeddable":true,"href":"https:\/\/photomag.focusweb.cz\/index.php\/wp-json\/wp\/v2\/comments?post=7"}],"version-history":[{"count":0,"href":"https:\/\/photomag.focusweb.cz\/index.php\/wp-json\/wp\/v2\/pages\/7\/revisions"}],"up":[{"embeddable":true,"href":"https:\/\/photomag.focusweb.cz\/index.php\/wp-json\/wp\/v2\/pages\/6"}],"wp:attachment":[{"href":"https:\/\/photomag.focusweb.cz\/index.php\/wp-json\/wp\/v2\/media?parent=7"}],"curies":[{"name":"wp","href":"https:\/\/api.w.org\/{rel}","templated":true}]}}